{"id":862,"date":"2023-03-30T12:08:46","date_gmt":"2023-03-30T15:08:46","guid":{"rendered":"https:\/\/js-tech.com.br\/?page_id=862"},"modified":"2023-03-30T12:26:31","modified_gmt":"2023-03-30T15:26:31","slug":"colibri-862","status":"publish","type":"page","link":"https:\/\/js-tech.com.br\/?page_id=862","title":{"rendered":"Duplicadores Digitais"},"content":{"rendered":"<div data-colibri-id=\"862-c1\" class=\"style-433 style-local-862-c1 position-relative\">\r\n  <!---->\r\n  <div data-colibri-component=\"section\" data-colibri-id=\"862-c2\" id=\"features\" class=\"h-section h-section-global-spacing d-flex align-items-lg-center align-items-md-center align-items-center style-434 style-local-862-c2 position-relative\">\r\n    <!---->\r\n    <!---->\r\n    <div class=\"h-section-grid-container h-section-boxed-container\">\r\n      <div data-colibri-id=\"862-c28\" class=\"h-row-container gutters-row-lg-2 gutters-row-md-2 gutters-row-0 gutters-row-v-lg-2 gutters-row-v-md-2 gutters-row-v-2 style-444 style-local-862-c28 position-relative\">\r\n        <!---->\r\n        <div class=\"h-row justify-content-lg-center justify-content-md-center justify-content-center align-items-lg-stretch align-items-md-stretch align-items-stretch gutters-col-lg-2 gutters-col-md-2 gutters-col-0 gutters-col-v-lg-2 gutters-col-v-md-2 gutters-col-v-2\">\r\n          <!---->\r\n          <div class=\"h-column h-column-container d-flex h-col-lg-auto h-col-md-auto h-col-auto style-445-outer style-local-862-c29-outer\">\r\n            <div data-colibri-id=\"862-c29\" class=\"d-flex h-flex-basis h-column__inner h-px-lg-2 h-px-md-2 h-px-2 v-inner-lg-2 v-inner-md-2 v-inner-2 style-445 style-local-862-c29 position-relative\">\r\n              <!---->\r\n              <!---->\r\n              <div class=\"w-100 h-y-container h-column__content h-column__v-align flex-basis-100 align-self-lg-start align-self-md-start align-self-start\">\r\n                <!---->\r\n                <div data-colibri-id=\"862-c30\" class=\"h-global-transition-all h-heading style-446 style-local-862-c30 position-relative h-element\">\r\n                  <!---->\r\n                  <div class=\"h-heading__outer style-446 style-local-862-c30\">\r\n                    <!---->\r\n                    <!---->\r\n                    <h2 class=\"\">Tecnologia e Ec\u00f4nomia<\/h2>\r\n                  <\/div>\r\n                <\/div>\r\n                <div data-colibri-id=\"862-c31\" class=\"h-lead h-text h-text-component style-447 style-local-862-c31 position-relative h-element\">\r\n                  <!---->\r\n                  <!---->\r\n                  <div class=\"\">\r\n                    <p>Os duplicadores Duplo realizam impress\u00e3o digital monocrom\u00e1tica ou com v\u00e1rias cores de forma econ\u00f4mica e com f\u00e1cil opera\u00e7\u00e3o, para tiragens variadas, formatos e gramatura. S\u00e3o pr\u00f3prias para produzir m\u00f3dulos, envelopes, livros, receitu\u00e1rios,\r\n                      cartas, informativos, manuais etc.\r\n                      <br>\r\n                    <\/p>\r\n                  <\/div>\r\n                <\/div>\r\n              <\/div>\r\n            <\/div>\r\n          <\/div>\r\n        <\/div>\r\n      <\/div>\r\n      <div data-colibri-id=\"862-c3\" class=\"h-row-container gutters-row-lg-2 gutters-row-md-2 gutters-row-2 gutters-row-v-lg-2 gutters-row-v-md-2 gutters-row-v-2 style-435 style-local-862-c3 position-relative\">\r\n        <!---->\r\n        <div class=\"h-row justify-content-lg-center justify-content-md-center justify-content-center align-items-lg-stretch align-items-md-stretch align-items-stretch gutters-col-lg-2 gutters-col-md-2 gutters-col-2 gutters-col-v-lg-2 gutters-col-v-md-2 gutters-col-v-2\">\r\n          <!---->\r\n          <div class=\"h-column h-column-container d-flex h-col-lg-3 h-col-md-6 h-col-12 style-436-outer style-local-862-c4-outer\">\r\n            <div data-colibri-id=\"862-c4\" class=\"d-flex h-flex-basis h-column__inner h-px-lg-0 h-px-md-0 h-px-0 v-inner-lg-0 v-inner-md-0 v-inner-0 style-436 style-local-862-c4 position-relative\">\r\n              <!---->\r\n              <!---->\r\n              <div class=\"w-100 h-y-container h-column__content h-column__v-align flex-basis-100 align-self-lg-start align-self-md-start align-self-start\">\r\n                <!---->\r\n                <div data-colibri-id=\"862-c6\" class=\"h-row-container gutters-row-lg-0 gutters-row-md-0 gutters-row-2 gutters-row-v-lg-0 gutters-row-v-md-0 gutters-row-v-2 style-438 style-local-862-c6 position-relative\">\r\n                  <!---->\r\n                  <div class=\"h-row justify-content-lg-center justify-content-md-center justify-content-center align-items-lg-stretch align-items-md-stretch align-items-stretch gutters-col-lg-0 gutters-col-md-0 gutters-col-2 gutters-col-v-lg-0 gutters-col-v-md-0 gutters-col-v-2\">\r\n                    <!---->\r\n                    <div class=\"h-column h-column-container d-flex h-col-lg-auto h-col-md-auto h-col-auto style-439-outer style-local-862-c7-outer\">\r\n                      <div data-colibri-id=\"862-c7\" class=\"d-flex h-flex-basis h-column__inner h-px-lg-2 h-px-md-3 h-px-2 v-inner-lg-2 v-inner-md-3 v-inner-2 style-439 style-local-862-c7 position-relative\">\r\n                        <!---->\r\n                        <!---->\r\n                        <div class=\"w-100 h-y-container h-column__content h-column__v-align flex-basis-100 align-self-lg-start align-self-md-start align-self-start\">\r\n                          <!---->\r\n                          <div data-colibri-id=\"862-c21\" class=\"d-block style-437 style-local-862-c21 position-relative h-element\">\r\n                            <!---->\r\n                            <div class=\"h-image__frame-container-outer\">\r\n                              <div class=\"h-image__frame-container\">\r\n                                <!---->\r\n                                <!---->\r\n                                <img decoding=\"async\" src=\"https:\/\/js-tech.com.br\/wp-content\/uploads\/2023\/03\/DP-X510-scaled-1-300x200.jpg\" class=\"style-437-image style-local-862-c21-image\">\r\n                                <div class=\"h-image__frame h-hide-lg h-hide-md h-hide-sm style-437-frameImage style-local-862-c21-frameImage\"><\/div>\r\n                              <\/div>\r\n                            <\/div>\r\n                          <\/div>\r\n                          <div data-colibri-id=\"862-c8\" class=\"h-global-transition-all h-heading style-440 style-local-862-c8 position-relative h-element\">\r\n                            <!---->\r\n                            <div class=\"h-heading__outer style-440 style-local-862-c8\">\r\n                              <!---->\r\n                              <!---->\r\n                              <h4 class=\"\">Duplicador DP-510<\/h4>\r\n                            <\/div>\r\n                          <\/div>\r\n                          <div data-colibri-id=\"862-c9\" class=\"h-text h-text-component style-441 style-local-862-c9 position-relative h-element\">\r\n                            <!---->\r\n                            <!---->\r\n                            <div class=\"\">\r\n                              <p><span style=\"font-weight: 400; font-size: 18px; font-family: myriad-pro, Roboto, sans-serif; color: rgb(0, 0, 0);\">O Duplicador Digital DP-X510 proporciona uma excelente qualidade de impress\u00e3o com resolu\u00e7\u00e3o de 300 x 600 dpi e produtividade at\u00e9 155 p\u00e1ginas por minuto.&nbsp;<\/span>\r\n                                <br>\r\n                              <\/p>\r\n                            <\/div>\r\n                          <\/div>\r\n                        <\/div>\r\n                      <\/div>\r\n                    <\/div>\r\n                  <\/div>\r\n                <\/div>\r\n              <\/div>\r\n            <\/div>\r\n          <\/div>\r\n          <div class=\"h-column h-column-container d-flex h-col-lg-3 h-col-md-6 h-col-12 style-436-outer style-local-862-c12-outer\">\r\n            <div data-colibri-id=\"862-c12\" class=\"d-flex h-flex-basis h-column__inner h-px-lg-0 h-px-md-0 h-px-0 v-inner-lg-0 v-inner-md-0 v-inner-0 style-436 style-local-862-c12 position-relative\">\r\n              <!---->\r\n              <!---->\r\n              <div class=\"w-100 h-y-container h-column__content h-column__v-align flex-basis-100 align-self-lg-start align-self-md-start align-self-start\">\r\n                <!---->\r\n                <div data-colibri-id=\"862-c13\" class=\"d-block style-437 style-local-862-c13 position-relative h-element\">\r\n                  <!---->\r\n                  <div class=\"h-image__frame-container-outer\">\r\n                    <div class=\"h-image__frame-container\">\r\n                      <!---->\r\n                      <!---->\r\n                      <img decoding=\"async\" src=\"https:\/\/js-tech.com.br\/wp-content\/uploads\/2023\/03\/DP-G310-scaled-1-276x300.jpg\" class=\"style-437-image style-local-862-c13-image\">\r\n                      <div class=\"h-image__frame h-hide-lg h-hide-md h-hide-sm style-437-frameImage style-local-862-c13-frameImage\"><\/div>\r\n                    <\/div>\r\n                  <\/div>\r\n                <\/div>\r\n                <div data-colibri-id=\"862-c14\" class=\"h-row-container gutters-row-lg-0 gutters-row-md-0 gutters-row-2 gutters-row-v-lg-0 gutters-row-v-md-0 gutters-row-v-2 style-438 style-local-862-c14 position-relative\">\r\n                  <!---->\r\n                  <div class=\"h-row justify-content-lg-center justify-content-md-center justify-content-center align-items-lg-stretch align-items-md-stretch align-items-stretch gutters-col-lg-0 gutters-col-md-0 gutters-col-2 gutters-col-v-lg-0 gutters-col-v-md-0 gutters-col-v-2\">\r\n                    <!---->\r\n                    <div class=\"h-column h-column-container d-flex h-col-lg-auto h-col-md-auto h-col-auto style-439-outer style-local-862-c15-outer\">\r\n                      <div data-colibri-id=\"862-c15\" class=\"d-flex h-flex-basis h-column__inner h-px-lg-2 h-px-md-3 h-px-2 v-inner-lg-2 v-inner-md-3 v-inner-2 style-439 style-local-862-c15 position-relative\">\r\n                        <!---->\r\n                        <!---->\r\n                        <div class=\"w-100 h-y-container h-column__content h-column__v-align flex-basis-100 align-self-lg-start align-self-md-start align-self-start\">\r\n                          <!---->\r\n                          <div data-colibri-id=\"862-c16\" class=\"h-global-transition-all h-heading style-440 style-local-862-c16 position-relative h-element\">\r\n                            <!---->\r\n                            <div class=\"h-heading__outer style-440 style-local-862-c16\">\r\n                              <!---->\r\n                              <!---->\r\n                              <h4 class=\"\">Duplicador G-310<\/h4>\r\n                            <\/div>\r\n                          <\/div>\r\n                          <div data-colibri-id=\"862-c17\" class=\"h-text h-text-component style-441 style-local-862-c17 position-relative h-element\">\r\n                            <!---->\r\n                            <!---->\r\n                            <div class=\"\">\r\n                              <p><span style=\"font-weight: 400; font-size: 18px; font-family: myriad-pro, Roboto, sans-serif; color: rgb(0, 0, 0);\">O Duplicador Digital DP-G310 proporciona uma excelente qualidade de impress\u00e3o com resolu\u00e7\u00e3o de 300 x 600 dpi e produtividade at\u00e9 130 p\u00e1ginas por minuto.<\/span><\/p>\r\n                            <\/div>\r\n                          <\/div>\r\n                        <\/div>\r\n                      <\/div>\r\n                    <\/div>\r\n                  <\/div>\r\n                <\/div>\r\n              <\/div>\r\n            <\/div>\r\n          <\/div>\r\n          <div class=\"h-column h-column-container d-flex h-col-lg-3 h-col-md-6 h-col-12 style-436-outer style-local-862-c20-outer\">\r\n            <div data-colibri-id=\"862-c20\" class=\"d-flex h-flex-basis h-column__inner h-px-lg-0 h-px-md-0 h-px-0 v-inner-lg-0 v-inner-md-0 v-inner-0 style-436 style-local-862-c20 position-relative\">\r\n              <!---->\r\n              <!---->\r\n              <div class=\"w-100 h-y-container h-column__content h-column__v-align flex-basis-100 align-self-lg-start align-self-md-start align-self-start\">\r\n                <!---->\r\n                <div data-colibri-id=\"862-c5\" class=\"d-block style-437 style-local-862-c5 position-relative h-element\">\r\n                  <!---->\r\n                  <div class=\"h-image__frame-container-outer\">\r\n                    <div class=\"h-image__frame-container\">\r\n                      <!---->\r\n                      <!---->\r\n                      <img decoding=\"async\" src=\"https:\/\/js-tech.com.br\/wp-content\/uploads\/2023\/02\/DP-X850-Duplicator-1-300x285.jpg\" class=\"style-437-image style-local-862-c5-image\">\r\n                      <div class=\"h-image__frame h-hide-lg h-hide-md h-hide-sm style-437-frameImage style-local-862-c5-frameImage\"><\/div>\r\n                    <\/div>\r\n                  <\/div>\r\n                <\/div>\r\n                <div data-colibri-id=\"862-c22\" class=\"h-row-container gutters-row-lg-0 gutters-row-md-0 gutters-row-2 gutters-row-v-lg-0 gutters-row-v-md-0 gutters-row-v-2 style-438 style-local-862-c22 position-relative\">\r\n                  <!---->\r\n                  <div class=\"h-row justify-content-lg-center justify-content-md-center justify-content-center align-items-lg-stretch align-items-md-stretch align-items-stretch gutters-col-lg-0 gutters-col-md-0 gutters-col-2 gutters-col-v-lg-0 gutters-col-v-md-0 gutters-col-v-2\">\r\n                    <!---->\r\n                    <div class=\"h-column h-column-container d-flex h-col-lg-auto h-col-md-auto h-col-auto style-439-outer style-local-862-c23-outer\">\r\n                      <div data-colibri-id=\"862-c23\" class=\"d-flex h-flex-basis h-column__inner h-px-lg-2 h-px-md-3 h-px-2 v-inner-lg-2 v-inner-md-3 v-inner-2 style-439 style-local-862-c23 position-relative\">\r\n                        <!---->\r\n                        <!---->\r\n                        <div class=\"w-100 h-y-container h-column__content h-column__v-align flex-basis-100 align-self-lg-start align-self-md-start align-self-start\">\r\n                          <!---->\r\n                          <div data-colibri-id=\"862-c24\" class=\"h-global-transition-all h-heading style-440 style-local-862-c24 position-relative h-element\">\r\n                            <!---->\r\n                            <div class=\"h-heading__outer style-440 style-local-862-c24\">\r\n                              <!---->\r\n                              <!---->\r\n                              <h4 class=\"\">Duplicador X-850<\/h4>\r\n                            <\/div>\r\n                          <\/div>\r\n                          <div data-colibri-id=\"862-c25\" class=\"h-text h-text-component style-441 style-local-862-c25 position-relative h-element\">\r\n                            <!---->\r\n                            <!---->\r\n                            <div class=\"\">\r\n                              <p><span style=\"font-weight: 400; font-size: 18px; font-family: myriad-pro, Roboto, sans-serif; color: rgb(0, 0, 0);\">O Duplicador Digital DP-X850 proporciona uma qualidade de impress\u00e3o excecional com resolu\u00e7\u00e3o de 600 x 600 dpi e uma elevada produtividade at\u00e9 200 p\u00e1ginas por minuto.<\/span><\/p>\r\n                            <\/div>\r\n                          <\/div>\r\n                        <\/div>\r\n                      <\/div>\r\n                    <\/div>\r\n                  <\/div>\r\n                <\/div>\r\n              <\/div>\r\n            <\/div>\r\n          <\/div>\r\n          <div class=\"h-column h-column-container d-flex h-col-lg-3 h-col-md-6 h-col-12 style-448-outer style-local-862-c32-outer\">\r\n            <div data-colibri-id=\"862-c32\" class=\"d-flex h-flex-basis h-column__inner h-px-lg-2 h-px-md-2 h-px-2 v-inner-lg-2 v-inner-md-2 v-inner-2 style-448 style-local-862-c32 position-relative\">\r\n              <!---->\r\n              <!---->\r\n              <div class=\"w-100 h-y-container h-column__content h-column__v-align flex-basis-100 align-self-lg-start align-self-md-start align-self-start\">\r\n                <!---->\r\n                <div data-colibri-id=\"862-c33\" class=\"d-block style-449 style-local-862-c33 position-relative h-element\">\r\n                  <!---->\r\n                  <div class=\"h-image__frame-container-outer\">\r\n                    <div class=\"h-image__frame-container\">\r\n                      <!---->\r\n                      <!---->\r\n                      <img loading=\"lazy\" decoding=\"async\" width=\"600\" height=\"400\" src=\"https:\/\/js-tech.com.br\/wp-content\/uploads\/2023\/03\/DP-A120II_Front__B4-600x400-1.jpg\" class=\"wp-image-865 style-449-image style-local-862-c33-image\" alt=\"\" srcset=\"https:\/\/js-tech.com.br\/wp-content\/uploads\/2023\/03\/DP-A120II_Front__B4-600x400-1.jpg 600w, https:\/\/js-tech.com.br\/wp-content\/uploads\/2023\/03\/DP-A120II_Front__B4-600x400-1-300x200.jpg 300w\" sizes=\"auto, (max-width: 600px) 100vw, 600px\" \/>\r\n                      <div class=\"h-image__frame h-hide-lg h-hide-md h-hide-sm style-449-frameImage style-local-862-c33-frameImage\"><\/div>\r\n                    <\/div>\r\n                  <\/div>\r\n                <\/div>\r\n                <div data-colibri-id=\"862-c34\" class=\"h-global-transition-all h-heading style-450 style-local-862-c34 position-relative h-element\">\r\n                  <!---->\r\n                  <div class=\"h-heading__outer style-450 style-local-862-c34\">\r\n                    <!---->\r\n                    <!---->\r\n                    <h4 class=\"\">Duplicador DP-A120<\/h4>\r\n                  <\/div>\r\n                <\/div>\r\n                <div data-colibri-id=\"862-c35\" class=\"h-text h-text-component style-451 style-local-862-c35 position-relative h-element\">\r\n                  <!---->\r\n                  <!---->\r\n                  <div class=\"\">\r\n                    <p><span style=\"font-weight: 400; font-size: 18px; font-family: myriad-pro, Roboto, sans-serif; color: rgb(0, 0, 0);\">O Duplicador Digital DP-A120 II supera os duplicadores de n\u00edvel de entrada em qualidade de imagem, imprimindo com resolu\u00e7\u00e3o de 300 x 600 dpi de at\u00e9 130 p\u00e1ginas por minuto.<\/span><\/p>\r\n                  <\/div>\r\n                <\/div>\r\n              <\/div>\r\n            <\/div>\r\n          <\/div>\r\n        <\/div>\r\n      <\/div>\r\n    <\/div>\r\n  <\/div>\r\n<\/div>","protected":false},"excerpt":{"rendered":"<p>Tecnologia e Ec\u00f4nomia Os duplicadores Duplo realizam impress\u00e3o digital monocrom\u00e1tica ou com v\u00e1rias cores de forma econ\u00f4mica e com f\u00e1cil opera\u00e7\u00e3o, para tiragens variadas, formatos e gramatura. S\u00e3o pr\u00f3prias para produzir m\u00f3dulos, envelopes, livros, receitu\u00e1rios, cartas, informativos, manuais etc. Duplicador DP-510 O Duplicador Digital DP-X510 proporciona uma excelente qualidade de impress\u00e3o com resolu\u00e7\u00e3o de 300 [&hellip;]<\/p>\n","protected":false},"author":1,"featured_media":0,"parent":0,"menu_order":0,"comment_status":"closed","ping_status":"closed","template":"page-templates\/full-width-page.php","meta":{"_joinchat":[],"footnotes":""},"class_list":["post-862","page","type-page","status-publish","hentry"],"_links":{"self":[{"href":"https:\/\/js-tech.com.br\/index.php?rest_route=\/wp\/v2\/pages\/862","targetHints":{"allow":["GET"]}}],"collection":[{"href":"https:\/\/js-tech.com.br\/index.php?rest_route=\/wp\/v2\/pages"}],"about":[{"href":"https:\/\/js-tech.com.br\/index.php?rest_route=\/wp\/v2\/types\/page"}],"author":[{"embeddable":true,"href":"https:\/\/js-tech.com.br\/index.php?rest_route=\/wp\/v2\/users\/1"}],"replies":[{"embeddable":true,"href":"https:\/\/js-tech.com.br\/index.php?rest_route=%2Fwp%2Fv2%2Fcomments&post=862"}],"version-history":[{"count":3,"href":"https:\/\/js-tech.com.br\/index.php?rest_route=\/wp\/v2\/pages\/862\/revisions"}],"predecessor-version":[{"id":874,"href":"https:\/\/js-tech.com.br\/index.php?rest_route=\/wp\/v2\/pages\/862\/revisions\/874"}],"wp:attachment":[{"href":"https:\/\/js-tech.com.br\/index.php?rest_route=%2Fwp%2Fv2%2Fmedia&parent=862"}],"curies":[{"name":"wp","href":"https:\/\/api.w.org\/{rel}","templated":true}]}}